{"id":3940,"date":"2023-08-20T17:25:47","date_gmt":"2023-08-20T23:25:47","guid":{"rendered":"https:\/\/immo-cr.com\/?page_id=3940"},"modified":"2023-10-13T18:32:42","modified_gmt":"2023-10-14T00:32:42","slug":"sell-real-estate-through-us","status":"publish","type":"page","link":"https:\/\/immo-cr.com\/en\/immobilien-uber-uns-verkaufen\/","title":{"rendered":"Sell property through us"},"content":{"rendered":"\t\t<div data-elementor-type=\"wp-page\" data-elementor-id=\"3940\" class=\"elementor elementor-3940\" data-elementor-post-type=\"page\">\n\t\t\t\t\t\t<section class=\"elementor-section elementor-top-section elementor-element elementor-element-50e433d elementor-section-stretched elementor-section-full_width elementor-section-height-default elementor-section-height-default\" data-id=\"50e433d\" data-element_type=\"section\" data-e-type=\"section\" data-settings=\"{&quot;stretch_section&quot;:&quot;section-stretched&quot;}\">\n\t\t\t\t\t\t<div class=\"elementor-container elementor-column-gap-default\">\n\t\t\t\t\t<div class=\"elementor-column elementor-col-100 elementor-top-column elementor-element elementor-element-63d2802\" data-id=\"63d2802\" data-element_type=\"column\" data-e-type=\"column\">\n\t\t\t<div class=\"elementor-widget-wrap elementor-element-populated\">\n\t\t\t\t\t\t<div class=\"elementor-element elementor-element-43cda53 elementor-widget elementor-widget-heading\" data-id=\"43cda53\" data-element_type=\"widget\" data-e-type=\"widget\" data-widget_type=\"heading.default\">\n\t\t\t\t<div class=\"elementor-widget-container\">\n\t\t\t\t\t<h2 class=\"elementor-heading-title elementor-size-default\">Immobilien \u00fcber uns verkaufen<\/h2>\t\t\t\t<\/div>\n\t\t\t\t<\/div>\n\t\t\t\t<div class=\"elementor-element elementor-element-2bb99cc elementor-hidden-desktop elementor-hidden-tablet elementor-widget elementor-widget-text-editor\" data-id=\"2bb99cc\" data-element_type=\"widget\" data-e-type=\"widget\" data-widget_type=\"text-editor.default\">\n\t\t\t\t<div class=\"elementor-widget-container\">\n\t\t\t\t\t\t\t\t\t<p>Es w\u00fcrde uns freuen, wenn Sie Ihre Immobilie \u00fcber uns anbieten und stellen Ihnen unsere Dienstleistungen zur Verf\u00fcgung.<\/p><p>An neuen, interesanten Liegenschaften, sind wir immer interessiert und wenn das Preis-Leistungsverh\u00e4ltniss der Immobilie stimmt, wird diese bei uns aufgenommen und hat gute Chancen verkauft zu werden.<\/p><h4>Weiterer Ablauf zur ver\u00f6ffentlichung aus unserer Immobilien-Seite:<\/h4><p>1. Bitte f\u00fcllen Sie unser\u00a0Formular weiter unten\u00a0mit den notwendigen Daten aus.<\/p><p>2. Bitte senden Sie uns einen &#8222;Registerauszug&#8220;, Kopie de Katasterplanes und gute Fotos zu, damit wir die Immobilie \u00fcberpr\u00fcfen k\u00f6nnen.<\/p><p>3. Wenn Sie mit unserem Aufnahmeprozess einverstanden sind und den Provisionsvertrag unterschrieben haben, beginnen wir mit dem Freischaltung der Immobilie.<\/p><p>4. Sobald wie eine Kunden-Anfrage f\u00fcr Ihre Immobilie erhalten, werden wir Sie sofort informieren und mit Ihnen zusammen eine Besichtigung organisieren.<\/p><p>5. Solange Sie bei uns in der Datenbank sind, Bitten wir Sie uns \u00c4nderungen wie Preissenkungen, Grundsfl\u00e4che, etc. sofort mitzuteilen.<\/p>\t\t\t\t\t\t\t\t<\/div>\n\t\t\t\t<\/div>\n\t\t\t\t\t<\/div>\n\t\t<\/div>\n\t\t\t\t\t<\/div>\n\t\t<\/section>\n\t\t\t\t<section class=\"elementor-section elementor-top-section elementor-element elementor-element-6c6b6dd elementor-section-full_width elementor-section-stretched elementor-section-height-default elementor-section-height-default\" data-id=\"6c6b6dd\" data-element_type=\"section\" data-e-type=\"section\" data-settings=\"{&quot;stretch_section&quot;:&quot;section-stretched&quot;}\">\n\t\t\t\t\t\t<div class=\"elementor-container elementor-column-gap-default\">\n\t\t\t\t\t<div class=\"elementor-column elementor-col-66 elementor-top-column elementor-element elementor-element-f6d8ae7\" data-id=\"f6d8ae7\" data-element_type=\"column\" data-e-type=\"column\">\n\t\t\t<div class=\"elementor-widget-wrap elementor-element-populated\">\n\t\t\t\t\t\t<div class=\"elementor-element elementor-element-657ba26 elementor-hidden-mobile elementor-widget elementor-widget-text-editor\" data-id=\"657ba26\" data-element_type=\"widget\" data-e-type=\"widget\" data-widget_type=\"text-editor.default\">\n\t\t\t\t<div class=\"elementor-widget-container\">\n\t\t\t\t\t\t\t\t\t<p>Es w\u00fcrde uns freuen, wenn Sie Ihre Immobilie \u00fcber uns anbieten und stellen Ihnen unsere Dienstleistungen zur Verf\u00fcgung.<\/p><p>An neuen, interesanten Liegenschaften, sind wir immer interessiert und wenn das Preis-Leistungsverh\u00e4ltniss der Immobilie stimmt, wird diese bei uns aufgenommen und hat gute Chancen verkauft zu werden.<\/p><h4>Weiterer Ablauf zur ver\u00f6ffentlichung aus unserer Immobilien-Seite:<\/h4><p>1. Bitte f\u00fcllen Sie unser\u00a0Formular weiter unten\u00a0mit den notwendigen Daten aus.<\/p><p>2. Bitte senden Sie uns einen &#8222;Registerauszug&#8220;, Kopie de Katasterplanes und gute Fotos zu, damit wir die Immobilie \u00fcberpr\u00fcfen k\u00f6nnen.<\/p><p>3. Wenn Sie mit unserem Aufnahmeprozess einverstanden sind und den Provisionsvertrag unterschrieben haben, beginnen wir mit dem Freischaltung der Immobilie.<\/p><p>4. Sobald wie eine Kunden-Anfrage f\u00fcr Ihre Immobilie erhalten, werden wir Sie sofort informieren und mit Ihnen zusammen eine Besichtigung organisieren.<\/p><p>5. Solange Sie bei uns in der Datenbank sind, Bitten wir Sie uns \u00c4nderungen wie Preissenkungen, Grundsfl\u00e4che, etc. sofort mitzuteilen.<\/p>\t\t\t\t\t\t\t\t<\/div>\n\t\t\t\t<\/div>\n\t\t\t\t\t<\/div>\n\t\t<\/div>\n\t\t\t\t<div class=\"elementor-column elementor-col-33 elementor-top-column elementor-element elementor-element-699ba25\" data-id=\"699ba25\" data-element_type=\"column\" data-e-type=\"column\">\n\t\t\t<div class=\"elementor-widget-wrap elementor-element-populated\">\n\t\t\t\t\t\t<div class=\"elementor-element elementor-element-665f324 elementor-widget elementor-widget-heading\" data-id=\"665f324\" data-element_type=\"widget\" data-e-type=\"widget\" data-widget_type=\"heading.default\">\n\t\t\t\t<div class=\"elementor-widget-container\">\n\t\t\t\t\t<h2 class=\"elementor-heading-title elementor-size-default\">Kontakt<\/h2>\t\t\t\t<\/div>\n\t\t\t\t<\/div>\n\t\t\t\t<div class=\"elementor-element elementor-element-fca667d elementor-button-align-start elementor-widget elementor-widget-global elementor-global-917 elementor-widget-form\" data-id=\"fca667d\" data-element_type=\"widget\" data-e-type=\"widget\" data-settings=\"{&quot;step_next_label&quot;:&quot;Next&quot;,&quot;step_previous_label&quot;:&quot;Previous&quot;,&quot;button_width&quot;:&quot;100&quot;,&quot;step_type&quot;:&quot;number_text&quot;,&quot;step_icon_shape&quot;:&quot;circle&quot;}\" data-widget_type=\"form.default\">\n\t\t\t\t<div class=\"elementor-widget-container\">\n\t\t\t\t\t\t\t<form class=\"elementor-form\" method=\"post\" name=\"Formulario contacto de las paginas\" aria-label=\"Formulario contacto de las paginas\">\n\t\t\t<input type=\"hidden\" name=\"post_id\" value=\"3940\"\/>\n\t\t\t<input type=\"hidden\" name=\"form_id\" value=\"fca667d\"\/>\n\t\t\t<input type=\"hidden\" name=\"referer_title\" value=\"Costa Rica IMMO\" \/>\n\n\t\t\t\n\t\t\t<div class=\"elementor-form-fields-wrapper elementor-labels-above\">\n\t\t\t\t\t\t\t\t<div class=\"elementor-field-type-text elementor-field-group elementor-column elementor-field-group-name elementor-col-100 elementor-field-required\">\n\t\t\t\t\t\t\t\t\t\t\t\t<label for=\"form-field-name\" class=\"elementor-field-label\">\n\t\t\t\t\t\t\t\tName\t\t\t\t\t\t\t<\/label>\n\t\t\t\t\t\t\t\t\t\t\t\t\t\t<input size=\"1\" type=\"text\" name=\"form_fields[name]\" id=\"form-field-name\" class=\"elementor-field elementor-size-sm  elementor-field-textual\" placeholder=\"Name\" required=\"required\">\n\t\t\t\t\t\t\t\t\t\t\t<\/div>\n\t\t\t\t\t\t\t\t<div class=\"elementor-field-type-email elementor-field-group elementor-column elementor-field-group-email elementor-col-100 elementor-field-required\">\n\t\t\t\t\t\t\t\t\t\t\t\t<label for=\"form-field-email\" class=\"elementor-field-label\">\n\t\t\t\t\t\t\t\tEmail\t\t\t\t\t\t\t<\/label>\n\t\t\t\t\t\t\t\t\t\t\t\t\t\t<input size=\"1\" type=\"email\" name=\"form_fields[email]\" id=\"form-field-email\" class=\"elementor-field elementor-size-sm  elementor-field-textual\" placeholder=\"Email\" required=\"required\">\n\t\t\t\t\t\t\t\t\t\t\t<\/div>\n\t\t\t\t\t\t\t\t<div class=\"elementor-field-type-tel elementor-field-group elementor-column elementor-field-group-field_87638b3 elementor-col-100\">\n\t\t\t\t\t\t\t\t\t\t\t\t<label for=\"form-field-field_87638b3\" class=\"elementor-field-label\">\n\t\t\t\t\t\t\t\tTelefon\t\t\t\t\t\t\t<\/label>\n\t\t\t\t\t\t\t\t<input size=\"1\" type=\"tel\" name=\"form_fields[field_87638b3]\" id=\"form-field-field_87638b3\" class=\"elementor-field elementor-size-sm  elementor-field-textual\" placeholder=\"Telefon\" pattern=\"[0-9()#&amp;+*-=.]+\" title=\"Only numbers and phone characters (#, -, *, etc) are accepted.\">\n\n\t\t\t\t\t\t<\/div>\n\t\t\t\t\t\t\t\t<div class=\"elementor-field-type-textarea elementor-field-group elementor-column elementor-field-group-message elementor-col-100\">\n\t\t\t\t\t\t\t\t\t\t\t\t<label for=\"form-field-message\" class=\"elementor-field-label\">\n\t\t\t\t\t\t\t\tNachricht\t\t\t\t\t\t\t<\/label>\n\t\t\t\t\t\t<textarea class=\"elementor-field-textual elementor-field  elementor-size-sm\" name=\"form_fields[message]\" id=\"form-field-message\" rows=\"4\" placeholder=\"Nachricht\"><\/textarea>\t\t\t\t<\/div>\n\t\t\t\t\t\t\t\t<div class=\"elementor-field-type-text\">\n\t\t\t\t\t<input size=\"1\" type=\"text\" name=\"form_fields[field_5b6afbb]\" id=\"form-field-field_5b6afbb\" class=\"elementor-field elementor-size-sm \" style=\"display:none !important;\">\t\t\t\t<\/div>\n\t\t\t\t\t\t\t\t<div class=\"elementor-field-group elementor-column elementor-field-type-submit elementor-col-100 e-form__buttons\">\n\t\t\t\t\t<button class=\"elementor-button elementor-size-sm\" type=\"submit\">\n\t\t\t\t\t\t<span class=\"elementor-button-content-wrapper\">\n\t\t\t\t\t\t\t\t\t\t\t\t\t\t\t\t\t\t\t\t\t\t<span class=\"elementor-button-text\">Send<\/span>\n\t\t\t\t\t\t\t\t\t\t\t\t\t<\/span>\n\t\t\t\t\t<\/button>\n\t\t\t\t<\/div>\n\t\t\t<\/div>\n\t\t<\/form>\n\t\t\t\t\t\t<\/div>\n\t\t\t\t<\/div>\n\t\t\t\t\t<\/div>\n\t\t<\/div>\n\t\t\t\t\t<\/div>\n\t\t<\/section>\n\t\t\t\t<\/div>\n\t\t","protected":false},"excerpt":{"rendered":"<p>Immobilien \u00fcber uns verkaufen Es w\u00fcrde uns freuen, wenn Sie Ihre Immobilie \u00fcber uns anbieten und stellen Ihnen unsere Dienstleistungen zur Verf\u00fcgung. An neuen, interesanten Liegenschaften, sind wir immer interessiert und wenn das Preis-Leistungsverh\u00e4ltniss der Immobilie stimmt, wird diese bei uns aufgenommen und hat gute Chancen verkauft zu werden. Weiterer Ablauf zur ver\u00f6ffentlichung aus unserer [&hellip;]<\/p>\n<div class=\"pvc_clear\"><\/div>\n<p id=\"pvc_stats_3940\" class=\"pvc_stats all  \" data-element-id=\"3940\" style=\"\"><i class=\"pvc-stats-icon large\" aria-hidden=\"true\"><svg xmlns=\"http:\/\/www.w3.org\/2000\/svg\" version=\"1.0\" viewBox=\"0 0 502 315\" preserveAspectRatio=\"xMidYMid meet\"><g transform=\"translate(0,332) scale(0.1,-0.1)\" fill=\"\" stroke=\"none\"><path d=\"M2394 3279 l-29 -30 -3 -207 c-2 -182 0 -211 15 -242 39 -76 157 -76 196 0 15 31 17 60 15 243 l-3 209 -33 29 c-26 23 -41 29 -80 29 -41 0 -53 -5 -78 -31z\"\/><path d=\"M3085 3251 c-45 -19 -58 -50 -96 -229 -47 -217 -49 -260 -13 -295 52 -53 146 -42 177 20 16 31 87 366 87 410 0 70 -86 122 -155 94z\"\/><path d=\"M1751 3234 c-13 -9 -29 -31 -37 -50 -12 -29 -10 -49 21 -204 19 -94 39 -189 45 -210 14 -50 54 -80 110 -80 34 0 48 6 76 34 21 21 34 44 34 59 0 14 -18 113 -40 219 -37 178 -43 195 -70 221 -36 32 -101 37 -139 11z\"\/><path d=\"M1163 3073 c-36 -7 -73 -59 -73 -102 0 -56 133 -378 171 -413 34 -32 83 -37 129 -13 70 36 67 87 -16 290 -86 209 -89 214 -129 231 -35 14 -42 15 -82 7z\"\/><path d=\"M3689 3066 c-15 -9 -33 -30 -42 -48 -48 -103 -147 -355 -147 -375 0 -98 131 -148 192 -74 13 15 57 108 97 206 80 196 84 226 37 273 -30 30 -99 39 -137 18z\"\/><path d=\"M583 2784 c-38 -19 -67 -74 -58 -113 9 -42 211 -354 242 -373 16 -10 45 -18 66 -18 51 0 107 52 107 100 0 39 -1 41 -124 234 -80 126 -108 162 -133 173 -41 17 -61 16 -100 -3z\"\/><path d=\"M4250 2784 c-14 -9 -74 -91 -133 -183 -95 -150 -107 -173 -107 -213 0 -55 33 -94 87 -104 67 -13 90 8 211 198 130 202 137 225 78 284 -27 27 -42 34 -72 34 -22 0 -50 -8 -64 -16z\"\/><path d=\"M2275 2693 c-553 -48 -1095 -270 -1585 -649 -135 -104 -459 -423 -483 -476 -23 -49 -22 -139 2 -186 73 -142 361 -457 571 -626 285 -228 642 -407 990 -497 242 -63 336 -73 660 -74 310 0 370 5 595 52 535 111 1045 392 1455 803 122 121 250 273 275 326 19 41 19 137 0 174 -41 79 -309 363 -465 492 -447 370 -946 591 -1479 653 -113 14 -422 18 -536 8z m395 -428 c171 -34 330 -124 456 -258 112 -119 167 -219 211 -378 27 -96 24 -300 -5 -401 -72 -255 -236 -447 -474 -557 -132 -62 -201 -76 -368 -76 -167 0 -236 14 -368 76 -213 98 -373 271 -451 485 -162 444 86 934 547 1084 153 49 292 57 452 25z m909 -232 c222 -123 408 -262 593 -441 76 -74 138 -139 138 -144 0 -16 -233 -242 -330 -319 -155 -123 -309 -223 -461 -299 l-81 -41 32 46 c18 26 49 83 70 128 143 306 141 649 -6 957 -25 52 -61 116 -79 142 l-34 47 45 -20 c26 -10 76 -36 113 -56z m-2057 25 c-40 -58 -105 -190 -130 -263 -110 -324 -59 -707 132 -981 25 -35 42 -64 37 -64 -19 0 -241 119 -326 174 -188 122 -406 314 -532 468 l-58 71 108 103 c185 178 428 349 672 473 66 33 121 60 123 61 2 0 -10 -19 -26 -42z\"\/><path d=\"M2375 1950 c-198 -44 -350 -190 -395 -379 -18 -76 -8 -221 19 -290 114 -284 457 -406 731 -260 98 52 188 154 231 260 27 69 37 214 19 290 -38 163 -166 304 -326 360 -67 23 -215 33 -279 19z\"\/><\/g><\/svg><\/i> <img decoding=\"async\" width=\"16\" height=\"16\" alt=\"Loading\" src=\"https:\/\/immo-cr.com\/wp-content\/plugins\/page-views-count\/ajax-loader-2x.gif\" border=0 \/><\/p>\n<div class=\"pvc_clear\"><\/div>\n","protected":false},"author":1,"featured_media":18,"parent":0,"menu_order":0,"comment_status":"closed","ping_status":"closed","template":"","meta":{"_joinchat":[],"footnotes":""},"class_list":["post-3940","page","type-page","status-publish","has-post-thumbnail","hentry"],"a3_pvc":{"activated":true,"total_views":0,"today_views":0},"yoast_head":"<!-- This site is optimized with the Yoast SEO Premium plugin v26.9 (Yoast SEO v27.4) - https:\/\/yoast.com\/product\/yoast-seo-premium-wordpress\/ -->\n<title>Costa Rica IMMO -<\/title>\n<meta name=\"description\" content=\"Costa Rica Immobilien Experte, Ihr Partner bei Beratung, Kauf\/Verkauf, Auswanderungsservice, H\u00e4user, Hotels, Farmen, Grundst\u00fccke, Plantagen\u00a0und\u00a0mehr\" \/>\n<meta name=\"robots\" content=\"index, follow, max-snippet:-1, max-image-preview:large, max-video-preview:-1\" \/>\n<link rel=\"canonical\" href=\"https:\/\/immo-cr.com\/en\/sell-real-estate-through-us\/\" \/>\n<meta property=\"og:locale\" content=\"en_US\" \/>\n<meta property=\"og:type\" content=\"article\" \/>\n<meta property=\"og:title\" content=\"Immobilien \u00fcber uns verkaufen\" \/>\n<meta property=\"og:description\" content=\"Costa Rica Immobilien Experte, Ihr Partner bei Beratung, Kauf\/Verkauf, Auswanderungsservice, H\u00e4user, Hotels, Farmen, Grundst\u00fccke, Plantagen\u00a0und\u00a0mehr\" \/>\n<meta property=\"og:url\" content=\"https:\/\/immo-cr.com\/en\/sell-real-estate-through-us\/\" \/>\n<meta property=\"og:site_name\" content=\"Costa Rica IMMO\" \/>\n<meta property=\"article:modified_time\" content=\"2023-10-14T00:32:42+00:00\" \/>\n<meta property=\"og:image\" content=\"https:\/\/immo-cr.com\/wp-content\/uploads\/2023\/07\/Logo_o_Hintergrund.png\" \/>\n\t<meta property=\"og:image:width\" content=\"707\" \/>\n\t<meta property=\"og:image:height\" content=\"353\" \/>\n\t<meta property=\"og:image:type\" content=\"image\/png\" \/>\n<meta name=\"twitter:card\" content=\"summary_large_image\" \/>\n<meta name=\"twitter:label1\" content=\"Est. reading time\" \/>\n\t<meta name=\"twitter:data1\" content=\"2 minutes\" \/>\n<script type=\"application\/ld+json\" class=\"yoast-schema-graph\">{\"@context\":\"https:\\\/\\\/schema.org\",\"@graph\":[{\"@type\":\"WebPage\",\"@id\":\"https:\\\/\\\/immo-cr.com\\\/immobilien-uber-uns-verkaufen\\\/\",\"url\":\"https:\\\/\\\/immo-cr.com\\\/immobilien-uber-uns-verkaufen\\\/\",\"name\":\"Costa Rica IMMO -\",\"isPartOf\":{\"@id\":\"https:\\\/\\\/immo-cr.com\\\/#website\"},\"primaryImageOfPage\":{\"@id\":\"https:\\\/\\\/immo-cr.com\\\/immobilien-uber-uns-verkaufen\\\/#primaryimage\"},\"image\":{\"@id\":\"https:\\\/\\\/immo-cr.com\\\/immobilien-uber-uns-verkaufen\\\/#primaryimage\"},\"thumbnailUrl\":\"https:\\\/\\\/i0.wp.com\\\/immo-cr.com\\\/wp-content\\\/uploads\\\/2023\\\/07\\\/Logo_o_Hintergrund.png?fit=707%2C353&ssl=1\",\"datePublished\":\"2023-08-20T23:25:47+00:00\",\"dateModified\":\"2023-10-14T00:32:42+00:00\",\"description\":\"Costa Rica Immobilien Experte, Ihr Partner bei Beratung, Kauf\\\/Verkauf, Auswanderungsservice, H\u00e4user, Hotels, Farmen, Grundst\u00fccke, Plantagen\u00a0und\u00a0mehr\",\"breadcrumb\":{\"@id\":\"https:\\\/\\\/immo-cr.com\\\/immobilien-uber-uns-verkaufen\\\/#breadcrumb\"},\"inLanguage\":\"en-US\",\"potentialAction\":[{\"@type\":\"ReadAction\",\"target\":[\"https:\\\/\\\/immo-cr.com\\\/immobilien-uber-uns-verkaufen\\\/\"]}]},{\"@type\":\"ImageObject\",\"inLanguage\":\"en-US\",\"@id\":\"https:\\\/\\\/immo-cr.com\\\/immobilien-uber-uns-verkaufen\\\/#primaryimage\",\"url\":\"https:\\\/\\\/i0.wp.com\\\/immo-cr.com\\\/wp-content\\\/uploads\\\/2023\\\/07\\\/Logo_o_Hintergrund.png?fit=707%2C353&ssl=1\",\"contentUrl\":\"https:\\\/\\\/i0.wp.com\\\/immo-cr.com\\\/wp-content\\\/uploads\\\/2023\\\/07\\\/Logo_o_Hintergrund.png?fit=707%2C353&ssl=1\",\"width\":707,\"height\":353,\"caption\":\"Costa Rica Immobilien Experte, Ihr Partner bei Beratung, Kauf\\\/Verkauf, Auswanderungsservice, H\u00e4user, Hotels, Farmen, Grundst\u00fccke, Plantagen\u00a0und\u00a0mehr Costa Rica Real Estate Expert, su socio en asesor\u00eda, compra\\\/venta, servicios de emigraci\u00f3n, casas, hoteles, fincas, terrenos, plantaciones y m\u00e1s Costa Rica Real Estate Expert, your partner in advice, buying\\\/selling, emigration services, houses, hotels, farms, land, plantations\u00a0and\u00a0more\"},{\"@type\":\"BreadcrumbList\",\"@id\":\"https:\\\/\\\/immo-cr.com\\\/immobilien-uber-uns-verkaufen\\\/#breadcrumb\",\"itemListElement\":[{\"@type\":\"ListItem\",\"position\":1,\"name\":\"Home\",\"item\":\"https:\\\/\\\/immo-cr.com\\\/\"},{\"@type\":\"ListItem\",\"position\":2,\"name\":\"Immobilien \u00fcber uns verkaufen\"}]},{\"@type\":\"WebSite\",\"@id\":\"https:\\\/\\\/immo-cr.com\\\/#website\",\"url\":\"https:\\\/\\\/immo-cr.com\\\/\",\"name\":\"Costa Rica IMMO\",\"description\":\"Costa Rica Immobilien Experte, Ihr Partner bei Beratung, Kauf\\\/Verkauf, Auswanderungsservice, H\u00e4user, Hotels, Farmen, Grundst\u00fccke, Plantagen\u00a0und\u00a0mehr\",\"publisher\":{\"@id\":\"https:\\\/\\\/immo-cr.com\\\/#organization\"},\"potentialAction\":[{\"@type\":\"SearchAction\",\"target\":{\"@type\":\"EntryPoint\",\"urlTemplate\":\"https:\\\/\\\/immo-cr.com\\\/?s={search_term_string}\"},\"query-input\":{\"@type\":\"PropertyValueSpecification\",\"valueRequired\":true,\"valueName\":\"search_term_string\"}}],\"inLanguage\":\"en-US\"},{\"@type\":\"Organization\",\"@id\":\"https:\\\/\\\/immo-cr.com\\\/#organization\",\"name\":\"Costa Rica IMMO\",\"url\":\"https:\\\/\\\/immo-cr.com\\\/\",\"logo\":{\"@type\":\"ImageObject\",\"inLanguage\":\"en-US\",\"@id\":\"https:\\\/\\\/immo-cr.com\\\/#\\\/schema\\\/logo\\\/image\\\/\",\"url\":\"https:\\\/\\\/i0.wp.com\\\/immo-cr.com\\\/wp-content\\\/uploads\\\/2023\\\/07\\\/Logo_o_Hintergrund.png?fit=707%2C353&ssl=1\",\"contentUrl\":\"https:\\\/\\\/i0.wp.com\\\/immo-cr.com\\\/wp-content\\\/uploads\\\/2023\\\/07\\\/Logo_o_Hintergrund.png?fit=707%2C353&ssl=1\",\"width\":707,\"height\":353,\"caption\":\"Costa Rica IMMO\"},\"image\":{\"@id\":\"https:\\\/\\\/immo-cr.com\\\/#\\\/schema\\\/logo\\\/image\\\/\"}}]}<\/script>\n<!-- \/ Yoast SEO Premium plugin. -->","yoast_head_json":{"title":"Costa Rica REAL ESTATE -","description":"Costa Rica real estate expert, your partner in advice, buying\/selling, emigration services, houses, hotels, farms, land, plantations and more","robots":{"index":"index","follow":"follow","max-snippet":"max-snippet:-1","max-image-preview":"max-image-preview:large","max-video-preview":"max-video-preview:-1"},"canonical":"https:\/\/immo-cr.com\/en\/sell-real-estate-through-us\/","og_locale":"en_US","og_type":"article","og_title":"Immobilien \u00fcber uns verkaufen","og_description":"Costa Rica Immobilien Experte, Ihr Partner bei Beratung, Kauf\/Verkauf, Auswanderungsservice, H\u00e4user, Hotels, Farmen, Grundst\u00fccke, Plantagen\u00a0und\u00a0mehr","og_url":"https:\/\/immo-cr.com\/en\/sell-real-estate-through-us\/","og_site_name":"Costa Rica IMMO","article_modified_time":"2023-10-14T00:32:42+00:00","og_image":[{"width":707,"height":353,"url":"https:\/\/immo-cr.com\/wp-content\/uploads\/2023\/07\/Logo_o_Hintergrund.png","type":"image\/png"}],"twitter_card":"summary_large_image","twitter_misc":{"Est. reading time":"2 minutes"},"schema":{"@context":"https:\/\/schema.org","@graph":[{"@type":"WebPage","@id":"https:\/\/immo-cr.com\/immobilien-uber-uns-verkaufen\/","url":"https:\/\/immo-cr.com\/immobilien-uber-uns-verkaufen\/","name":"Costa Rica REAL ESTATE -","isPartOf":{"@id":"https:\/\/immo-cr.com\/#website"},"primaryImageOfPage":{"@id":"https:\/\/immo-cr.com\/immobilien-uber-uns-verkaufen\/#primaryimage"},"image":{"@id":"https:\/\/immo-cr.com\/immobilien-uber-uns-verkaufen\/#primaryimage"},"thumbnailUrl":"https:\/\/i0.wp.com\/immo-cr.com\/wp-content\/uploads\/2023\/07\/Logo_o_Hintergrund.png?fit=707%2C353&ssl=1","datePublished":"2023-08-20T23:25:47+00:00","dateModified":"2023-10-14T00:32:42+00:00","description":"Costa Rica real estate expert, your partner in advice, buying\/selling, emigration services, houses, hotels, farms, land, plantations and more","breadcrumb":{"@id":"https:\/\/immo-cr.com\/immobilien-uber-uns-verkaufen\/#breadcrumb"},"inLanguage":"en-US","potentialAction":[{"@type":"ReadAction","target":["https:\/\/immo-cr.com\/immobilien-uber-uns-verkaufen\/"]}]},{"@type":"ImageObject","inLanguage":"en-US","@id":"https:\/\/immo-cr.com\/immobilien-uber-uns-verkaufen\/#primaryimage","url":"https:\/\/i0.wp.com\/immo-cr.com\/wp-content\/uploads\/2023\/07\/Logo_o_Hintergrund.png?fit=707%2C353&ssl=1","contentUrl":"https:\/\/i0.wp.com\/immo-cr.com\/wp-content\/uploads\/2023\/07\/Logo_o_Hintergrund.png?fit=707%2C353&ssl=1","width":707,"height":353,"caption":"Costa Rica Immobilien Experte, Ihr Partner bei Beratung, Kauf\/Verkauf, Auswanderungsservice, H\u00e4user, Hotels, Farmen, Grundst\u00fccke, Plantagen\u00a0und\u00a0mehr Costa Rica Real Estate Expert, su socio en asesor\u00eda, compra\/venta, servicios de emigraci\u00f3n, casas, hoteles, fincas, terrenos, plantaciones y m\u00e1s Costa Rica Real Estate Expert, your partner in advice, buying\/selling, emigration services, houses, hotels, farms, land, plantations\u00a0and\u00a0more"},{"@type":"BreadcrumbList","@id":"https:\/\/immo-cr.com\/immobilien-uber-uns-verkaufen\/#breadcrumb","itemListElement":[{"@type":"ListItem","position":1,"name":"Home","item":"https:\/\/immo-cr.com\/"},{"@type":"ListItem","position":2,"name":"Immobilien \u00fcber uns verkaufen"}]},{"@type":"WebSite","@id":"https:\/\/immo-cr.com\/#website","url":"https:\/\/immo-cr.com\/","name":"Costa Rica REAL ESTATE","description":"Costa Rica real estate expert, your partner in advice, buying\/selling, emigration services, houses, hotels, farms, land, plantations and more","publisher":{"@id":"https:\/\/immo-cr.com\/#organization"},"potentialAction":[{"@type":"SearchAction","target":{"@type":"EntryPoint","urlTemplate":"https:\/\/immo-cr.com\/?s={search_term_string}"},"query-input":{"@type":"PropertyValueSpecification","valueRequired":true,"valueName":"search_term_string"}}],"inLanguage":"en-US"},{"@type":"Organization","@id":"https:\/\/immo-cr.com\/#organization","name":"Costa Rica REAL ESTATE","url":"https:\/\/immo-cr.com\/","logo":{"@type":"ImageObject","inLanguage":"en-US","@id":"https:\/\/immo-cr.com\/#\/schema\/logo\/image\/","url":"https:\/\/i0.wp.com\/immo-cr.com\/wp-content\/uploads\/2023\/07\/Logo_o_Hintergrund.png?fit=707%2C353&ssl=1","contentUrl":"https:\/\/i0.wp.com\/immo-cr.com\/wp-content\/uploads\/2023\/07\/Logo_o_Hintergrund.png?fit=707%2C353&ssl=1","width":707,"height":353,"caption":"Costa Rica IMMO"},"image":{"@id":"https:\/\/immo-cr.com\/#\/schema\/logo\/image\/"}}]}},"jetpack_sharing_enabled":true,"_links":{"self":[{"href":"https:\/\/immo-cr.com\/en\/wp-json\/wp\/v2\/pages\/3940","targetHints":{"allow":["GET"]}}],"collection":[{"href":"https:\/\/immo-cr.com\/en\/wp-json\/wp\/v2\/pages"}],"about":[{"href":"https:\/\/immo-cr.com\/en\/wp-json\/wp\/v2\/types\/page"}],"author":[{"embeddable":true,"href":"https:\/\/immo-cr.com\/en\/wp-json\/wp\/v2\/users\/1"}],"replies":[{"embeddable":true,"href":"https:\/\/immo-cr.com\/en\/wp-json\/wp\/v2\/comments?post=3940"}],"version-history":[{"count":8,"href":"https:\/\/immo-cr.com\/en\/wp-json\/wp\/v2\/pages\/3940\/revisions"}],"predecessor-version":[{"id":6348,"href":"https:\/\/immo-cr.com\/en\/wp-json\/wp\/v2\/pages\/3940\/revisions\/6348"}],"wp:featuredmedia":[{"embeddable":true,"href":"https:\/\/immo-cr.com\/en\/wp-json\/wp\/v2\/media\/18"}],"wp:attachment":[{"href":"https:\/\/immo-cr.com\/en\/wp-json\/wp\/v2\/media?parent=3940"}],"curies":[{"name":"wp","href":"https:\/\/api.w.org\/{rel}","templated":true}]}}